{"id":714,"date":"2018-06-04T15:33:21","date_gmt":"2018-06-04T13:33:21","guid":{"rendered":"https:\/\/www.easybilling.ch\/?page_id=714"},"modified":"2018-09-11T14:58:35","modified_gmt":"2018-09-11T12:58:35","slug":"rechtliche-hinweise","status":"publish","type":"page","link":"https:\/\/easybilling.ch\/de\/rechtliche-hinweise\/","title":{"rendered":"Mentions l\u00e9gales"},"content":{"rendered":"<h1 style=\"text-align: center;\">RECHTLICHE HINWEISE<\/h1>\n<p><strong>1. Copyright<\/strong><br \/>\nS\u00e4mtliche Inhalte dieser Website wie Bilder, grafische Darstellungen, Texte, Video- oder Tondateien d\u00fcrfen ohne ausdr\u00fcckliche Genehmigung von Debitors management sa in keiner Form \u2013 auch nicht auszugsweise \u2013 und auf keine Art und Weise kopiert, wiederver\u00f6ffentlicht, in Datensuch- und Extraktionssystemen gespeichert oder reproduziert werden. Der Inhalt dieser Website ist ausschliessliches Eigentum von Debitors management sa.<\/p>\n<p><strong>2. Datenschutz<\/strong><br \/>\nDie Besucher dieser Website verpflichten sich unwiderruflich, die internationalen, nationalen und kantonalen Gesetze, namentlich in den Bereichen Strafrecht, Datenschutz, Telekommunikation und Urheberrecht, zu befolgen.<\/p>\n<p><strong>3. Cookies von Drittanbietern<\/strong><br \/>\nUnsere Website verwendet Cookies. Diese helfen, Ihren Besuch auf unserer Website in vielerlei Hinsicht einfacher, angenehmer und interessanter zu gestalten.<br \/>\nCookies sind Informationsdateien, die Ihr Webbrowser beim Besuch unserer Website auf der Festplatte Ihres Computers speichert. Cookies besch\u00e4digen weder die Festplatte Ihres Computers noch \u00fcbermitteln sie uns personenbezogene Daten \u00fcber den Benutzer.<br \/>\nWenn Sie der Verwendung von Cookies nicht zustimmen m\u00f6chten, k\u00f6nnen Sie Ihren Browser so einstellen, dass Cookies generell abgelehnt werden oder dass Sie im Einzelfall entscheiden k\u00f6nnen, ob Sie Cookies akzeptieren wollen oder nicht.<\/p>\n<p><strong>4. Google Adwords<\/strong><br \/>\nDebitors management kann Google Adwords und Remarketing verwenden. Diese Dienste erm\u00f6glichen es, f\u00fcr Debitors management zu werben.<\/p>\n<p><strong>5. Besucherstatistiken<\/strong><br \/>\nWir verwenden auf unserer Website \u00ab Google Analytics \u00bb. Die erhobenen Informationen werden in unserem Auftrag von Google verarbeitet, um die Nutzung der Website auszuwerten, um Reports \u00fcber die Websiteaktivit\u00e4ten zusammenzustellen und um weitere mit der Websitenutzung verbundene Dienstleistungen zu erbringen.<br \/>\nDie durch Cookies erhaltenen Informationen \u00fcber die Benutzung unserer Website werden in der Regel an einen Server von Google in den USA \u00fcbertragen und dort gespeichert. Auf dieser Website wurde jedoch die IP-Anonymisierung (Maskierung) aktiviert. Beim Zugriff auf diese Website innerhalb von Mitgliedstaaten der Europ\u00e4ischen Union oder in anderen Vertragsstaaten des Abkommens \u00fcber den Europ\u00e4ischen Wirtschaftsraum, wird Ihre IP-Adresse infolgedessen von Google vor der \u00dcbertragung in die USA gek\u00fcrzt. Nur in Ausnahmef\u00e4llen wird die volle IP-Adresse an einen Server von Google in den USA \u00fcbertragen und erst dort gek\u00fcrzt.<br \/>\nGoogle und AWStats k\u00f6nnen diese Daten an Dritte \u00fcbermitteln, wenn eine gesetzliche Verpflichtung hierzu vorliegt oder wenn diese Dritten die Daten in deren Auftrag verarbeiten; dies schliesst insbesondere den Websitebetreiber ein. Google und AWStats werden Ihre IP-Adresse nicht mit bei ihnen vorhandenen Daten zusammenf\u00fchren. Google ist im \u00dcbrigen dem Rahmengesetz \u00ab Privacy Shield \u00bb beigetreten, welches die Datenschutzbeziehungen Schweiz-USA abdeckt. Ihre IP-Adresse wird zudem vor der Speicherung durch Google anonymisiert.<br \/>\nSie k\u00f6nnen die Speicherung der Cookies durch eine entsprechende Einstellung Ihrer Browser-Software verhindern. Eine solche Deaktivierung kann jedoch dazu f\u00fchren, dass bestimmte Funktionen der Website nicht mehr genutzt werden k\u00f6nnen.<\/p>\n","protected":false},"excerpt":{"rendered":"<p>RECHTLICHE HINWEISE 1. Copyright S\u00e4mtliche Inhalte dieser Website wie Bilder, grafische Darstellungen, Texte, Video- oder Tondateien d\u00fcrfen ohne ausdr\u00fcckliche Genehmigung von Debitors management sa in keiner Form \u2013 auch nicht auszugsweise \u2013 und auf keine Art und Weise kopiert, wiederver\u00f6ffentlicht, in Datensuch- und Extraktionssystemen gespeichert oder reproduziert werden. Der Inhalt dieser Website ist ausschliessliches Eigentum &hellip; <a href=\"https:\/\/easybilling.ch\/de\/rechtliche-hinweise\/\" class=\"more-link\">Continue reading<span class=\"screen-reader-text\"> &#8222;Mentions l\u00e9gales&#8220;<\/span><\/a><\/p>\n","protected":false},"author":1,"featured_media":0,"parent":0,"menu_order":0,"comment_status":"closed","ping_status":"closed","template":"","meta":{"_acf_changed":false,"footnotes":""},"class_list":["post-714","page","type-page","status-publish","hentry"],"acf":[],"_links":{"self":[{"href":"https:\/\/easybilling.ch\/de\/wp-json\/wp\/v2\/pages\/714","targetHints":{"allow":["GET"]}}],"collection":[{"href":"https:\/\/easybilling.ch\/de\/wp-json\/wp\/v2\/pages"}],"about":[{"href":"https:\/\/easybilling.ch\/de\/wp-json\/wp\/v2\/types\/page"}],"author":[{"embeddable":true,"href":"https:\/\/easybilling.ch\/de\/wp-json\/wp\/v2\/users\/1"}],"replies":[{"embeddable":true,"href":"https:\/\/easybilling.ch\/de\/wp-json\/wp\/v2\/comments?post=714"}],"version-history":[{"count":4,"href":"https:\/\/easybilling.ch\/de\/wp-json\/wp\/v2\/pages\/714\/revisions"}],"predecessor-version":[{"id":851,"href":"https:\/\/easybilling.ch\/de\/wp-json\/wp\/v2\/pages\/714\/revisions\/851"}],"wp:attachment":[{"href":"https:\/\/easybilling.ch\/de\/wp-json\/wp\/v2\/media?parent=714"}],"curies":[{"name":"wp","href":"https:\/\/api.w.org\/{rel}","templated":true}]}}