{"id":8111,"date":"2024-09-19T15:02:51","date_gmt":"2024-09-19T13:02:51","guid":{"rendered":"https:\/\/www.easybilling.ch\/?page_id=8111"},"modified":"2024-09-19T15:02:51","modified_gmt":"2024-09-19T13:02:51","slug":"fonctionnalites","status":"publish","type":"page","link":"https:\/\/easybilling.ch\/de\/fonctionnalites\/","title":{"rendered":"Fonctionnalit\u00e9s"},"content":{"rendered":"<h1 style=\"text-align: center;\">EASYbilling vous permet de param\u00e9trer vos modules selon les besoins sp\u00e9cifiques de votre business.<\/h1>\n<p style=\"text-align: center;\">De la configuration initiale de votre interface \u00e0 l\u2019encaissement de vos factures, vous pouvez tout param\u00e9trer dans votre espace s\u00e9curis\u00e9 EASYbilling. Votre logo, vos coordonn\u00e9es, votre catalogue de produits et de services,la cr\u00e9ation et l\u2019envoi de factures, les moyens de paiements\u2026 et bien d\u2019autres choses encore\u00a0!<\/p>\n<p style=\"text-align: center;\"><strong>EASYbilling est un outil complet qui facilite vos relations commerciales,\u00a0optimise le processus d\u2019encaissement des factures\u00a0et diminue les risques d\u2019impay\u00e9s.<\/strong><\/p>\n","protected":false},"excerpt":{"rendered":"<p>EASYbilling vous permet de param\u00e9trer vos modules selon les besoins sp\u00e9cifiques de votre business. De la configuration initiale de votre interface \u00e0 l\u2019encaissement de vos factures, vous pouvez tout param\u00e9trer dans votre espace s\u00e9curis\u00e9 EASYbilling. Votre logo, vos coordonn\u00e9es, votre catalogue de produits et de services,la cr\u00e9ation et l\u2019envoi de factures, les moyens de paiements\u2026 &hellip; <a href=\"https:\/\/easybilling.ch\/de\/fonctionnalites\/\" class=\"more-link\">Continue reading<span class=\"screen-reader-text\"> &#8222;Fonctionnalit\u00e9s&#8220;<\/span><\/a><\/p>\n","protected":false},"author":1,"featured_media":0,"parent":0,"menu_order":0,"comment_status":"closed","ping_status":"closed","template":"template-generalites.php","meta":{"_acf_changed":false,"footnotes":""},"class_list":["post-8111","page","type-page","status-publish","hentry"],"acf":[],"_links":{"self":[{"href":"https:\/\/easybilling.ch\/de\/wp-json\/wp\/v2\/pages\/8111","targetHints":{"allow":["GET"]}}],"collection":[{"href":"https:\/\/easybilling.ch\/de\/wp-json\/wp\/v2\/pages"}],"about":[{"href":"https:\/\/easybilling.ch\/de\/wp-json\/wp\/v2\/types\/page"}],"author":[{"embeddable":true,"href":"https:\/\/easybilling.ch\/de\/wp-json\/wp\/v2\/users\/1"}],"replies":[{"embeddable":true,"href":"https:\/\/easybilling.ch\/de\/wp-json\/wp\/v2\/comments?post=8111"}],"version-history":[{"count":1,"href":"https:\/\/easybilling.ch\/de\/wp-json\/wp\/v2\/pages\/8111\/revisions"}],"predecessor-version":[{"id":9328,"href":"https:\/\/easybilling.ch\/de\/wp-json\/wp\/v2\/pages\/8111\/revisions\/9328"}],"wp:attachment":[{"href":"https:\/\/easybilling.ch\/de\/wp-json\/wp\/v2\/media?parent=8111"}],"curies":[{"name":"wp","href":"https:\/\/api.w.org\/{rel}","templated":true}]}}